{"id":1963,"date":"2011-11-04T22:42:51","date_gmt":"2011-11-05T01:42:51","guid":{"rendered":"http:\/\/pensamentoextemporaneo.wordpress.com\/?page_id=1963"},"modified":"2011-11-04T22:42:51","modified_gmt":"2011-11-05T01:42:51","slug":"links","status":"publish","type":"page","link":"https:\/\/pensamentoextemporaneo.com.br\/?page_id=1963","title":{"rendered":"LINKS \u00daTEIS"},"content":{"rendered":"<h3>sites<\/h3>\n<ul>\n<li><a href=\"http:\/\/www.anpof.org.br\/\" target=\"_blank\">ANPOF | Associa\u00e7\u00e3o Nacional de P\u00f3s-Gradua\u00e7\u00e3o em Filosofia<\/a><\/li>\n<li><a href=\"http:\/\/www.capes.gov.br\/\" target=\"_blank\">Capes | Coordena\u00e7\u00e3o de Aperfei\u00e7oamento de Pessoal de N\u00edvel Superior<\/a><\/li>\n<li><a href=\"http:\/\/www.cnpq.br\/\" target=\"_blank\">CNPq | Conselho Nacional de Desenvolvimento Cient\u00edfico e Tecnol\u00f3gico<\/a><\/li>\n<li><a href=\"http:\/\/www.fapemig.br\/\" target=\"_blank\">Fapemig | Funda\u00e7\u00e3o de Amparo \u00e0 Pesquisa do Estado de MG<\/a><\/li>\n<li><a href=\"http:\/\/lattes.cnpq.br\/\" target=\"_blank\">Lattes | curr\u00edculos<\/a><\/li>\n<li><a href=\"http:\/\/www.universia.com.br\/\" target=\"_blank\">Universia | comunidade acad\u00eamica<\/a><\/li>\n<\/ul>\n<h3>blogs<\/h3>\n<ul>\n<li><a href=\"http:\/\/www.aartedepensar.com\" target=\"_blank\">A arte de pensar<\/a><\/li>\n<li><a title=\"blog de filosofia\" href=\"http:\/\/distropia.wordpress.com\/\" target=\"_blank\">Distropia<\/a><\/li>\n<li><a href=\"http:\/\/investigacao-filosofica.blogspot.com\/\">Investiga\u00e7\u00e3o filos\u00f3fica<\/a><\/li>\n<li><a href=\"http:\/\/naogostodeplagio.blogspot.com\/\" target=\"_blank\">N\u00e3o gosto de pl\u00e1gio<\/a><\/li>\n<\/ul>\n<h3>pesquisa<\/h3>\n<div id=\"linkcat-135363\">\n<ul>\n<li><a href=\"http:\/\/capesdw.capes.gov.br\/capesdw\/\">Banco de teses da Capes<\/a><\/li>\n<li><a href=\"http:\/\/bdtd.ibict.br\/pt\/inicio.html\" target=\"_blank\">Biblioteca digital brasileira de teses e disserta\u00e7\u00f5es<\/a><\/li>\n<li><a href=\"http:\/\/www.defnarede.com\/\">Dicion\u00e1rio escolar de Filosofia | online<\/a><\/li>\n<li><a href=\"http:\/\/www.dominiopublico.gov.br\/pesquisa\/PesquisaObraForm.jsp\">Dom\u00ednio p\u00fablico | livros<\/a><\/li>\n<li><a href=\"http:\/\/scholar.google.com.br\/advanced_scholar_search?hl=pt-BR&amp;num=100&amp;as_sdt=0\">Google scholar | textos acad\u00eamicos<\/a><\/li>\n<li><a href=\"http:\/\/www.periodicos.capes.gov.br\/\">Portal de peri\u00f3dicos da Capes<\/a><\/li>\n<li><a href=\"http:\/\/qualis.capes.gov.br\/webqualis\/publico\/pesquisaPublicaClassificacao.seam?conversationPropagation=begin\" target=\"_blank\">Qualis | qualifica\u00e7\u00e3o de peri\u00f3dicos<\/a><\/li>\n<li><a href=\"http:\/\/www.scielo.br\/cgi-bin\/wxis.exe\/iah\/?IsisScript=iah\/iah.xis&amp;base=article%5Edlibrary&amp;fmt=iso.pft&amp;lang=p\" target=\"_blank\">Scielo | artigos<\/a><\/li>\n<\/ul>\n<\/div>\n<div id=\"-chrome-auto-translate-plugin-dialog\" style=\"display:none;opacity:1 !important;background:transparent !important;position:absolute !important;top:0;left:0;overflow:visible !important;z-index:999999 !important;text-align:left !important;border-color:none!important;margin:0!important;padding:0!important;\">\n<div style=\"max-width:300px !important;color:#121212 !important;opacity:1 !important;border:1px solid #363636 !important;-webkit-border-radius:10px !important;background-color:#ffffff !important;font-size:16px !important;overflow:visible !important;background-image:0 color-stop(50%,#EEE), color-stop(100%,#FFF));z-index:999999 !important;text-align:left !important;padding:8px!important;\"><\/div>\n<p><img decoding=\"async\" style=\"position:absolute !important;z-index:-1 !important;right:1px !important;top:-20px !important;cursor:pointer !important;-webkit-border-radius:20px;background-color:rgba(200,200,200,0.3) !important;margin:0!important;padding:3px 5px 0!important;\" alt=\"\" src=\"http:\/\/www.google.com\/uds\/css\/small-logo.png\" \/><\/p>\n<\/div>\n","protected":false},"excerpt":{"rendered":"<p>sites ANPOF | Associa\u00e7\u00e3o Nacional de P\u00f3s-Gradua\u00e7\u00e3o em Filosofia Capes | Coordena\u00e7\u00e3o de Aperfei\u00e7oamento de Pessoal de N\u00edvel Superior CNPq | Conselho Nacional de Desenvolvimento Cient\u00edfico e Tecnol\u00f3gico Fapemig | Funda\u00e7\u00e3o de Amparo \u00e0 Pesquisa do Estado de MG Lattes | curr\u00edculos Universia | comunidade acad\u00eamica blogs A arte de pensar Distropia Investiga\u00e7\u00e3o filos\u00f3fica N\u00e3o &hellip; <\/p>\n","protected":false},"author":1,"featured_media":0,"parent":0,"menu_order":0,"comment_status":"open","ping_status":"closed","template":"","meta":{"_mi_skip_tracking":false,"footnotes":""},"class_list":["entry","page","publish","author-admin","post-1963"],"_links":{"self":[{"href":"https:\/\/pensamentoextemporaneo.com.br\/index.php?rest_route=\/wp\/v2\/pages\/1963","targetHints":{"allow":["GET"]}}],"collection":[{"href":"https:\/\/pensamentoextemporaneo.com.br\/index.php?rest_route=\/wp\/v2\/pages"}],"about":[{"href":"https:\/\/pensamentoextemporaneo.com.br\/index.php?rest_route=\/wp\/v2\/types\/page"}],"author":[{"embeddable":true,"href":"https:\/\/pensamentoextemporaneo.com.br\/index.php?rest_route=\/wp\/v2\/users\/1"}],"replies":[{"embeddable":true,"href":"https:\/\/pensamentoextemporaneo.com.br\/index.php?rest_route=%2Fwp%2Fv2%2Fcomments&post=1963"}],"version-history":[{"count":0,"href":"https:\/\/pensamentoextemporaneo.com.br\/index.php?rest_route=\/wp\/v2\/pages\/1963\/revisions"}],"wp:attachment":[{"href":"https:\/\/pensamentoextemporaneo.com.br\/index.php?rest_route=%2Fwp%2Fv2%2Fmedia&parent=1963"}],"curies":[{"name":"wp","href":"https:\/\/api.w.org\/{rel}","templated":true}]}}