{"id":7,"date":"2009-03-11T19:33:28","date_gmt":"2009-03-11T22:33:28","guid":{"rendered":"http:\/\/pensamentoextemporaneo.wordpress.com\/sobre\/"},"modified":"2019-05-14T16:21:59","modified_gmt":"2019-05-14T19:21:59","slug":"sobre","status":"publish","type":"page","link":"https:\/\/pensamentoextemporaneo.com.br\/?page_id=7","title":{"rendered":"SOBRE"},"content":{"rendered":"<p style=\"text-align: justify;\"><strong>Pensamento Extempor\u00e2neo<\/strong> \u00e9 um projeto de pesquisa do curso de gradua\u00e7\u00e3o em Filosofia da <strong>Faculdade Dom Luciano Mendes<\/strong>\u00a0<strong>(FDLM)<\/strong>.<\/p>\n<p style=\"text-align: justify;\">O projeto tem como objetivo fomentar a produ\u00e7\u00e3o cient\u00edfica discente, assim como divulg\u00e1-la e promover uma ampla e aberta rede de discuss\u00e3o de car\u00e1ter filos\u00f3fico entre estudiosos e interessados.<\/p>\n<p style=\"text-align: justify;\">A partir do estudo da hist\u00f3ria da filosofia, \u00e9 instigante inquirir acerca da contribui\u00e7\u00e3o dos fil\u00f3sofos para se desenvolver uma reflex\u00e3o aut\u00f4noma e para se pensar o mundo em que vivemos.<\/p>\n<p style=\"text-align: justify;\">Nesse intuito, os estudantes de filosofia da FDLM prop\u00f5em neste blog reflex\u00f5es que partem do pensamento de diferentes\u00a0fil\u00f3sofos com o vi\u00e9s de um <strong>pensamento extempor\u00e2neo<\/strong> \u2013 pensar para al\u00e9m de seu tempo (o dos fil\u00f3sofos e o nosso), mas sem desconsiderar a temporalidade da vida e do pensamento.<\/p>\n<p style=\"text-align: justify;\">O que aqui se encontra publicado est\u00e1 aberto \u00e0 cr\u00edtica e ao di\u00e1logo, portanto todo coment\u00e1rio ser\u00e1 bem-vindo.<\/p>\n<div id=\"-chrome-auto-translate-plugin-dialog\" style=\"opacity: 1 !important; background-image: initial !important; background-attachment: initial !important; background-color: transparent !important; position: absolute !important; top: 0; left: 0; z-index: 999999 !important; text-align: left !important; display: none; background-position: initial initial !important; background-repeat: initial initial !important; margin: 0!important; padding: 0!important;\">\n<div style=\"max-width: 300px !important; color: #121212 !important; opacity: 1 !important; border: 1px solid #363636 !important; -webkit-border-radius: 10px !important; background-color: #ffffff !important; font-size: 16px !important; overflow: visible !important; background-image: 0 color-stop(50%,#EEE), color-stop(100%,#FFF)); z-index: 999999 !important; text-align: left !important; padding: 8px!important;\"><\/div>\n<p><img decoding=\"async\" style=\"position: absolute !important; z-index: -1 !important; right: 1px !important; top: -20px !important; cursor: pointer !important; -webkit-border-radius: 20px; background-color: rgba(200,200,200,0.3) !important; margin: 0!important; padding: 3px 5px 0!important;\" src=\"http:\/\/www.google.com\/uds\/css\/small-logo.png\" alt=\"\" \/><\/p>\n<\/div>\n","protected":false},"excerpt":{"rendered":"<p>Pensamento Extempor\u00e2neo \u00e9 um projeto de pesquisa do curso de gradua\u00e7\u00e3o em Filosofia da Faculdade Dom Luciano Mendes\u00a0(FDLM). O projeto tem como objetivo fomentar a produ\u00e7\u00e3o cient\u00edfica discente, assim como divulg\u00e1-la e promover uma ampla e aberta rede de discuss\u00e3o de car\u00e1ter filos\u00f3fico entre estudiosos e interessados. A partir do estudo da hist\u00f3ria da filosofia, &hellip; <\/p>\n","protected":false},"author":1,"featured_media":0,"parent":0,"menu_order":1,"comment_status":"closed","ping_status":"closed","template":"","meta":{"_mi_skip_tracking":false,"footnotes":""},"class_list":["entry","page","publish","author-admin","post-7"],"_links":{"self":[{"href":"https:\/\/pensamentoextemporaneo.com.br\/index.php?rest_route=\/wp\/v2\/pages\/7","targetHints":{"allow":["GET"]}}],"collection":[{"href":"https:\/\/pensamentoextemporaneo.com.br\/index.php?rest_route=\/wp\/v2\/pages"}],"about":[{"href":"https:\/\/pensamentoextemporaneo.com.br\/index.php?rest_route=\/wp\/v2\/types\/page"}],"author":[{"embeddable":true,"href":"https:\/\/pensamentoextemporaneo.com.br\/index.php?rest_route=\/wp\/v2\/users\/1"}],"replies":[{"embeddable":true,"href":"https:\/\/pensamentoextemporaneo.com.br\/index.php?rest_route=%2Fwp%2Fv2%2Fcomments&post=7"}],"version-history":[{"count":1,"href":"https:\/\/pensamentoextemporaneo.com.br\/index.php?rest_route=\/wp\/v2\/pages\/7\/revisions"}],"predecessor-version":[{"id":2767,"href":"https:\/\/pensamentoextemporaneo.com.br\/index.php?rest_route=\/wp\/v2\/pages\/7\/revisions\/2767"}],"wp:attachment":[{"href":"https:\/\/pensamentoextemporaneo.com.br\/index.php?rest_route=%2Fwp%2Fv2%2Fmedia&parent=7"}],"curies":[{"name":"wp","href":"https:\/\/api.w.org\/{rel}","templated":true}]}}